{"id":16188,"date":"2021-04-20T09:10:21","date_gmt":"2021-04-20T14:10:21","guid":{"rendered":"https:\/\/latinaintrade.com\/?page_id=16188"},"modified":"2021-05-18T20:17:17","modified_gmt":"2021-05-19T01:17:17","slug":"trade-commodities","status":"publish","type":"page","link":"https:\/\/latinaintrade.com\/en\/trade-commodities\/","title":{"rendered":"Trade Commodities"},"content":{"rendered":"<div data-elementor-type=\"wp-page\" data-elementor-id=\"16188\" class=\"elementor elementor-16188\" data-elementor-post-type=\"page\">\n\t\t\t\t\t\t<section class=\"elementor-section elementor-top-section elementor-element elementor-element-395a4038 elementor-section-boxed elementor-section-height-default elementor-section-height-default\" data-id=\"395a4038\" data-element_type=\"section\" data-settings=\"{&quot;background_background&quot;:&quot;classic&quot;}\">\n\t\t\t\t\t\t\t<div class=\"elementor-background-overlay\"><\/div>\n\t\t\t\t\t\t\t<div class=\"elementor-container elementor-column-gap-default\">\n\t\t\t\t\t<div class=\"elementor-column elementor-col-100 elementor-top-column elementor-element elementor-element-706616ef\" data-id=\"706616ef\" data-element_type=\"column\">\n\t\t\t<div class=\"elementor-widget-wrap elementor-element-populated\">\n\t\t\t\t\t\t<section class=\"elementor-section elementor-inner-section elementor-element elementor-element-1f08126d lte-moto-row elementor-section-boxed elementor-section-height-default elementor-section-height-default\" data-id=\"1f08126d\" data-element_type=\"section\" data-settings=\"{&quot;background_background&quot;:&quot;classic&quot;}\">\n\t\t\t\t\t\t<div class=\"elementor-container elementor-column-gap-no\">\n\t\t\t\t\t<div class=\"elementor-column elementor-col-100 elementor-inner-column elementor-element elementor-element-167cc790\" data-id=\"167cc790\" data-element_type=\"column\">\n\t\t\t<div class=\"elementor-widget-wrap elementor-element-populated\">\n\t\t\t\t\t\t<div class=\"elementor-element elementor-element-5ece6aa2 elementor-widget elementor-widget-spacer\" data-id=\"5ece6aa2\" data-element_type=\"widget\" data-widget_type=\"spacer.default\">\n\t\t\t\t<div class=\"elementor-widget-container\">\n\t\t\t\t\t\t\t<div class=\"elementor-spacer\">\n\t\t\t<div class=\"elementor-spacer-inner\"><\/div>\n\t\t<\/div>\n\t\t\t\t\t\t<\/div>\n\t\t\t\t<\/div>\n\t\t\t\t<div class=\"elementor-element elementor-element-74051308 elementor-widget elementor-widget-heading\" data-id=\"74051308\" data-element_type=\"widget\" data-widget_type=\"heading.default\">\n\t\t\t\t<div class=\"elementor-widget-container\">\n\t\t\t\t\t<h2 class=\"elementor-heading-title elementor-size-default\"><span style=\"color: #11a4b7\">Trade<\/span> <\/br>Commodities<\/h2>\t\t\t\t<\/div>\n\t\t\t\t<\/div>\n\t\t\t\t<div class=\"elementor-element elementor-element-63f309e3 elementor-widget__width-initial animated-slow elementor-invisible elementor-widget elementor-widget-text-editor\" data-id=\"63f309e3\" data-element_type=\"widget\" data-settings=\"{&quot;_animation&quot;:&quot;fadeIn&quot;,&quot;_animation_delay&quot;:600}\" data-widget_type=\"text-editor.default\">\n\t\t\t\t<div class=\"elementor-widget-container\">\n\t\t\t\t\t\t\t\t\t<p>LatinA International Trade is a leading South Korean Trade Representative and Mandatory Agent. We operate in the export business of food, agro-industrial and specialized products.<\/p>\t\t\t\t\t\t\t\t<\/div>\n\t\t\t\t<\/div>\n\t\t\t\t<div class=\"elementor-element elementor-element-7c35fcf0 elementor-widget elementor-widget-spacer\" data-id=\"7c35fcf0\" data-element_type=\"widget\" data-widget_type=\"spacer.default\">\n\t\t\t\t<div class=\"elementor-widget-container\">\n\t\t\t\t\t\t\t<div class=\"elementor-spacer\">\n\t\t\t<div class=\"elementor-spacer-inner\"><\/div>\n\t\t<\/div>\n\t\t\t\t\t\t<\/div>\n\t\t\t\t<\/div>\n\t\t\t\t\t<\/div>\n\t\t<\/div>\n\t\t\t\t\t<\/div>\n\t\t<\/section>\n\t\t\t\t\t<\/div>\n\t\t<\/div>\n\t\t\t\t\t<\/div>\n\t\t<\/section>\n\t\t\t\t<section class=\"lte-background-second elementor-section elementor-top-section elementor-element elementor-element-62ae87d9 lte-background-second elementor-section-boxed elementor-section-height-default elementor-section-height-default\" data-id=\"62ae87d9\" data-element_type=\"section\" data-settings=\"{&quot;background_background&quot;:&quot;classic&quot;}\">\n\t\t\t\t\t\t<div class=\"elementor-container elementor-column-gap-default\">\n\t\t\t\t\t<div class=\"elementor-column elementor-col-100 elementor-top-column elementor-element elementor-element-64af24f\" data-id=\"64af24f\" data-element_type=\"column\">\n\t\t\t<div class=\"elementor-widget-wrap elementor-element-populated\">\n\t\t\t\t\t\t<div class=\"elementor-element elementor-element-175a6bb7 elementor-widget elementor-widget-spacer\" data-id=\"175a6bb7\" data-element_type=\"widget\" data-widget_type=\"spacer.default\">\n\t\t\t\t<div class=\"elementor-widget-container\">\n\t\t\t\t\t\t\t<div class=\"elementor-spacer\">\n\t\t\t<div class=\"elementor-spacer-inner\"><\/div>\n\t\t<\/div>\n\t\t\t\t\t\t<\/div>\n\t\t\t\t<\/div>\n\t\t\t\t\t<\/div>\n\t\t<\/div>\n\t\t\t\t\t<\/div>\n\t\t<\/section>\n\t\t\t\t<section class=\"lte-background-white elementor-section elementor-top-section elementor-element elementor-element-7134040e lte-background-white elementor-section-boxed elementor-section-height-default elementor-section-height-default\" data-id=\"7134040e\" data-element_type=\"section\" id=\"trade-commodities-products\">\n\t\t\t\t\t\t<div class=\"elementor-container elementor-column-gap-default\">\n\t\t\t\t\t<div class=\"elementor-column elementor-col-100 elementor-top-column elementor-element elementor-element-4c7aff3c\" data-id=\"4c7aff3c\" data-element_type=\"column\">\n\t\t\t<div class=\"elementor-widget-wrap elementor-element-populated\">\n\t\t\t\t\t\t<div class=\"elementor-element elementor-element-1ef77277 elementor-widget elementor-widget-spacer\" data-id=\"1ef77277\" data-element_type=\"widget\" data-widget_type=\"spacer.default\">\n\t\t\t\t<div class=\"elementor-widget-container\">\n\t\t\t\t\t\t\t<div class=\"elementor-spacer\">\n\t\t\t<div class=\"elementor-spacer-inner\"><\/div>\n\t\t<\/div>\n\t\t\t\t\t\t<\/div>\n\t\t\t\t<\/div>\n\t\t\t\t<div class=\"elementor-element elementor-element-7a5d94c elementor-widget elementor-widget-heading\" data-id=\"7a5d94c\" data-element_type=\"widget\" data-no-translation=\"\" data-widget_type=\"heading.default\">\n\t\t\t\t<div class=\"elementor-widget-container\">\n\t\t\t\t\t<style>.elementor-element-7a5d94c{display:none !important}<\/style>\t\t\t\t<\/div>\n\t\t\t\t<\/div>\n\t\t\t\t<div class=\"elementor-element elementor-element-10cfa2d elementor-widget elementor-widget-heading\" data-id=\"10cfa2d\" data-element_type=\"widget\" data-no-translation=\"\" data-widget_type=\"heading.default\">\n\t\t\t\t<div class=\"elementor-widget-container\">\n\t\t\t\t\t<h3 class=\"elementor-heading-title elementor-size-default\">Our <span style=\"color: #11a4b7\">Products<\/span><\/h3>\t\t\t\t<\/div>\n\t\t\t\t<\/div>\n\t\t\t\t<div class=\"elementor-element elementor-element-c2b0895 elementor-widget elementor-widget-lte-product-categories\" data-id=\"c2b0895\" data-element_type=\"widget\" data-widget_type=\"lte-product-categories.default\">\n\t\t\t\t<div class=\"elementor-widget-container\">\n\t\t\t\t\t<div class=\"lte-products-cats-sc row lte-layout-circles\"><div class=\"col-lg-3 col-md-6 col-sm-6 col-ms-12 col-xs-12\"><a href=\"https:\/\/latinaintrade.com\/en\/product-category\/frutas\/\" class=\"lte-item\"><span class=\"lte-image-wrapper\">\r\n\t\t\t\t\t\t\t<span class=\"lte-image\" style=\"background-image: url(https:\/\/latinaintrade.com\/wp-content\/uploads\/2019\/06\/banana.jpg)\"><\/span><span class=\"lte-count-label\">01<\/span><\/span><h6 class=\"lte-header\">Fruits<\/h6><span class=\"lte-excerpt\">Cavendish banana, pineapple, Hass avocado, Tahitian lemon, and many others.<\/span><\/a><\/div><div class=\"col-lg-3 col-md-6 col-sm-6 col-ms-12 col-xs-12\"><a href=\"https:\/\/latinaintrade.com\/en\/product-category\/productos-de-mar\/\" class=\"lte-item\"><span class=\"lte-image-wrapper\">\r\n\t\t\t\t\t\t\t<span class=\"lte-image\" style=\"background-image: url(https:\/\/latinaintrade.com\/wp-content\/uploads\/2021\/05\/camarones-frescos-01.jpg)\"><\/span><span class=\"lte-count-label\">02<\/span><\/span><h6 class=\"lte-header\">Seafood Products<\/h6><span class=\"lte-excerpt\">Anchovies, shrimp, crab and more.<\/span><\/a><\/div><div class=\"col-lg-3 col-md-6 col-sm-6 col-ms-12 col-xs-12\"><a href=\"https:\/\/latinaintrade.com\/en\/product-category\/quimicos-especiales\/\" class=\"lte-item\"><span class=\"lte-image-wrapper\">\r\n\t\t\t\t\t\t\t<span class=\"lte-image\" style=\"background-image: url(https:\/\/latinaintrade.com\/wp-content\/uploads\/2019\/06\/quimicos-especiales-02.jpg)\"><\/span><span class=\"lte-count-label\">03<\/span><\/span><h6 class=\"lte-header\">Specialized Chemicals<\/h6><span class=\"lte-excerpt\">Ethanol, Triameen Y12D, Chloramine T, Octyl Dimethyl Octyl Ammonium Chloride.<\/span><\/a><\/div><div class=\"col-lg-3 col-md-6 col-sm-6 col-ms-12 col-xs-12\"><a href=\"https:\/\/latinaintrade.com\/en\/product-category\/petroquimicos\/\" class=\"lte-item\"><span class=\"lte-image-wrapper\">\r\n\t\t\t\t\t\t\t<span class=\"lte-image\" style=\"background-image: url(https:\/\/latinaintrade.com\/wp-content\/uploads\/2019\/06\/petroquimicos-01.jpg)\"><\/span><span class=\"lte-count-label\">04<\/span><\/span><h6 class=\"lte-header\">Petrochemicals<\/h6><span class=\"lte-excerpt\">Ethylene, Ether, plasticizer, Acrylate, solvent, among others.<\/span><\/a><\/div><\/div>\t\t\t\t<\/div>\n\t\t\t\t<\/div>\n\t\t\t\t<div class=\"elementor-element elementor-element-7c469965 elementor-widget elementor-widget-spacer\" data-id=\"7c469965\" data-element_type=\"widget\" data-widget_type=\"spacer.default\">\n\t\t\t\t<div class=\"elementor-widget-container\">\n\t\t\t\t\t\t\t<div class=\"elementor-spacer\">\n\t\t\t<div class=\"elementor-spacer-inner\"><\/div>\n\t\t<\/div>\n\t\t\t\t\t\t<\/div>\n\t\t\t\t<\/div>\n\t\t\t\t\t<\/div>\n\t\t<\/div>\n\t\t\t\t\t<\/div>\n\t\t<\/section>\n\t\t\t\t<section class=\"lte-background-white elementor-section elementor-top-section elementor-element elementor-element-61b606d lte-background-white lte-overlay-wrapper-white elementor-section-boxed elementor-section-height-default elementor-section-height-default\" data-id=\"61b606d\" data-element_type=\"section\" id=\"trade-commodities-us\" data-settings=\"{&quot;background_background&quot;:&quot;classic&quot;}\">\n\t\t\t\t\t\t<div class=\"elementor-container elementor-column-gap-default\">\n\t\t\t\t\t<div class=\"elementor-column elementor-col-100 elementor-top-column elementor-element elementor-element-37141cd\" data-id=\"37141cd\" data-element_type=\"column\">\n\t\t\t<div class=\"elementor-widget-wrap elementor-element-populated\">\n\t\t\t\t\t\t<section class=\"elementor-section elementor-inner-section elementor-element elementor-element-985cd59 elementor-section-boxed elementor-section-height-default elementor-section-height-default\" data-id=\"985cd59\" data-element_type=\"section\">\n\t\t\t\t\t\t<div class=\"elementor-container elementor-column-gap-default\">\n\t\t\t\t\t<div class=\"elementor-column elementor-col-50 elementor-inner-column elementor-element elementor-element-599e65e\" data-id=\"599e65e\" data-element_type=\"column\">\n\t\t\t<div class=\"elementor-widget-wrap elementor-element-populated\">\n\t\t\t\t\t\t<div class=\"elementor-element elementor-element-38403b79 elementor-widget elementor-widget-image\" data-id=\"38403b79\" data-element_type=\"widget\" data-widget_type=\"image.default\">\n\t\t\t\t<div class=\"elementor-widget-container\">\n\t\t\t\t\t\t\t\t\t\t\t\t\t\t\t<img fetchpriority=\"high\" decoding=\"async\" width=\"1140\" height=\"470\" src=\"https:\/\/latinaintrade.com\/wp-content\/uploads\/2021\/05\/plane-trucks-are-flying.jpg\" class=\"attachment-full size-full wp-image-17232\" alt=\"\" srcset=\"https:\/\/latinaintrade.com\/wp-content\/uploads\/2021\/05\/plane-trucks-are-flying.jpg 1140w, https:\/\/latinaintrade.com\/wp-content\/uploads\/2021\/05\/plane-trucks-are-flying-480x198.jpg 480w, https:\/\/latinaintrade.com\/wp-content\/uploads\/2021\/05\/plane-trucks-are-flying-600x247.jpg 600w, https:\/\/latinaintrade.com\/wp-content\/uploads\/2021\/05\/plane-trucks-are-flying-300x124.jpg 300w, https:\/\/latinaintrade.com\/wp-content\/uploads\/2021\/05\/plane-trucks-are-flying-1024x422.jpg 1024w, https:\/\/latinaintrade.com\/wp-content\/uploads\/2021\/05\/plane-trucks-are-flying-768x317.jpg 768w, https:\/\/latinaintrade.com\/wp-content\/uploads\/2021\/05\/plane-trucks-are-flying-16x7.jpg 16w, https:\/\/latinaintrade.com\/wp-content\/uploads\/2021\/05\/plane-trucks-are-flying-790x326.jpg 790w, https:\/\/latinaintrade.com\/wp-content\/uploads\/2021\/05\/plane-trucks-are-flying-800x330.jpg 800w\" sizes=\"(max-width: 1140px) 100vw, 1140px\" \/>\t\t\t\t\t\t\t\t\t\t\t\t\t\t\t<\/div>\n\t\t\t\t<\/div>\n\t\t\t\t\t<\/div>\n\t\t<\/div>\n\t\t\t\t<div class=\"elementor-column elementor-col-50 elementor-inner-column elementor-element elementor-element-c39fe20\" data-id=\"c39fe20\" data-element_type=\"column\">\n\t\t\t<div class=\"elementor-widget-wrap elementor-element-populated\">\n\t\t\t\t\t\t<div class=\"elementor-element elementor-element-265216bf elementor-widget elementor-widget-spacer\" data-id=\"265216bf\" data-element_type=\"widget\" data-widget_type=\"spacer.default\">\n\t\t\t\t<div class=\"elementor-widget-container\">\n\t\t\t\t\t\t\t<div class=\"elementor-spacer\">\n\t\t\t<div class=\"elementor-spacer-inner\"><\/div>\n\t\t<\/div>\n\t\t\t\t\t\t<\/div>\n\t\t\t\t<\/div>\n\t\t\t\t<div class=\"elementor-element elementor-element-e840698 elementor-widget elementor-widget-heading\" data-id=\"e840698\" data-element_type=\"widget\" data-widget_type=\"heading.default\">\n\t\t\t\t<div class=\"elementor-widget-container\">\n\t\t\t\t\t<h3 class=\"elementor-heading-title elementor-size-default\">Our <span style=\"color: #11a4b7\">Mission<\/span><\/h3>\t\t\t\t<\/div>\n\t\t\t\t<\/div>\n\t\t\t\t<div class=\"elementor-element elementor-element-1b09787d elementor-widget__width-initial elementor-widget elementor-widget-text-editor\" data-id=\"1b09787d\" data-element_type=\"widget\" data-widget_type=\"text-editor.default\">\n\t\t\t\t<div class=\"elementor-widget-container\">\n\t\t\t\t\t\t\t\t\t<p><em>LatinA International Trade<\/em> aims to be the preferred choice in providing solutions for the supply of <em>primary and industrial commodities<\/em>, serving as a conduit for the regional and international market and providing comprehensive logistics and customs agent.<\/p><p>We support our clients to go beyond simple compliance, reducing risks, improving their performance and encouraging them to innovate to meet the challenges of quality, health and safety, environmental protection and social responsibility.<\/p>\t\t\t\t\t\t\t\t<\/div>\n\t\t\t\t<\/div>\n\t\t\t\t<div class=\"elementor-element elementor-element-3cdc1a0b elementor-widget elementor-widget-spacer\" data-id=\"3cdc1a0b\" data-element_type=\"widget\" data-widget_type=\"spacer.default\">\n\t\t\t\t<div class=\"elementor-widget-container\">\n\t\t\t\t\t\t\t<div class=\"elementor-spacer\">\n\t\t\t<div class=\"elementor-spacer-inner\"><\/div>\n\t\t<\/div>\n\t\t\t\t\t\t<\/div>\n\t\t\t\t<\/div>\n\t\t\t\t\t<\/div>\n\t\t<\/div>\n\t\t\t\t\t<\/div>\n\t\t<\/section>\n\t\t\t\t<section class=\"lte-background-white elementor-section elementor-inner-section elementor-element elementor-element-519f227 lte-background-white elementor-section-boxed elementor-section-height-default elementor-section-height-default\" data-id=\"519f227\" data-element_type=\"section\">\n\t\t\t\t\t\t<div class=\"elementor-container elementor-column-gap-default\">\n\t\t\t\t\t<div class=\"elementor-column elementor-col-50 elementor-inner-column elementor-element elementor-element-26267f5\" data-id=\"26267f5\" data-element_type=\"column\">\n\t\t\t<div class=\"elementor-widget-wrap elementor-element-populated\">\n\t\t\t\t\t\t<div class=\"elementor-element elementor-element-47f63dc elementor-widget elementor-widget-spacer\" data-id=\"47f63dc\" data-element_type=\"widget\" data-widget_type=\"spacer.default\">\n\t\t\t\t<div class=\"elementor-widget-container\">\n\t\t\t\t\t\t\t<div class=\"elementor-spacer\">\n\t\t\t<div class=\"elementor-spacer-inner\"><\/div>\n\t\t<\/div>\n\t\t\t\t\t\t<\/div>\n\t\t\t\t<\/div>\n\t\t\t\t<div class=\"elementor-element elementor-element-01106e7 elementor-widget elementor-widget-image\" data-id=\"01106e7\" data-element_type=\"widget\" data-widget_type=\"image.default\">\n\t\t\t\t<div class=\"elementor-widget-container\">\n\t\t\t\t\t\t\t\t\t\t\t\t\t\t\t<img decoding=\"async\" width=\"600\" height=\"600\" src=\"https:\/\/latinaintrade.com\/wp-content\/uploads\/2021\/05\/us-02.png\" class=\"attachment-full size-full wp-image-17588\" alt=\"\" srcset=\"https:\/\/latinaintrade.com\/wp-content\/uploads\/2021\/05\/us-02.png 600w, https:\/\/latinaintrade.com\/wp-content\/uploads\/2021\/05\/us-02-480x480.png 480w, https:\/\/latinaintrade.com\/wp-content\/uploads\/2021\/05\/us-02-100x100.png 100w, https:\/\/latinaintrade.com\/wp-content\/uploads\/2021\/05\/us-02-300x300.png 300w, https:\/\/latinaintrade.com\/wp-content\/uploads\/2021\/05\/us-02-150x150.png 150w, https:\/\/latinaintrade.com\/wp-content\/uploads\/2021\/05\/us-02-12x12.png 12w, https:\/\/latinaintrade.com\/wp-content\/uploads\/2021\/05\/us-02-530x530.png 530w, https:\/\/latinaintrade.com\/wp-content\/uploads\/2021\/05\/us-02-140x140.png 140w, https:\/\/latinaintrade.com\/wp-content\/uploads\/2021\/05\/us-02-110x110.png 110w, https:\/\/latinaintrade.com\/wp-content\/uploads\/2021\/05\/us-02-315x315.png 315w\" sizes=\"(max-width: 600px) 100vw, 600px\" \/>\t\t\t\t\t\t\t\t\t\t\t\t\t\t\t<\/div>\n\t\t\t\t<\/div>\n\t\t\t\t<div class=\"elementor-element elementor-element-87a4b50 elementor-widget elementor-widget-heading\" data-id=\"87a4b50\" data-element_type=\"widget\" data-widget_type=\"heading.default\">\n\t\t\t\t<div class=\"elementor-widget-container\">\n\t\t\t\t\t<h3 class=\"elementor-heading-title elementor-size-default\">Our <span style=\"color: #11a4b7\">Vision<\/span><\/h3>\t\t\t\t<\/div>\n\t\t\t\t<\/div>\n\t\t\t\t<div class=\"elementor-element elementor-element-f099889 elementor-widget elementor-widget-text-editor\" data-id=\"f099889\" data-element_type=\"widget\" data-widget_type=\"text-editor.default\">\n\t\t\t\t<div class=\"elementor-widget-container\">\n\t\t\t\t\t\t\t\t\t<ul><li>To emerge as a global leader in our business lines.<\/li><li>To be a reliable partner among the agricultural, food and specialized chemical industry, through a multi-faceted strategy.<\/li><\/ul>\t\t\t\t\t\t\t\t<\/div>\n\t\t\t\t<\/div>\n\t\t\t\t<div class=\"elementor-element elementor-element-f8ff044 elementor-widget elementor-widget-spacer\" data-id=\"f8ff044\" data-element_type=\"widget\" data-widget_type=\"spacer.default\">\n\t\t\t\t<div class=\"elementor-widget-container\">\n\t\t\t\t\t\t\t<div class=\"elementor-spacer\">\n\t\t\t<div class=\"elementor-spacer-inner\"><\/div>\n\t\t<\/div>\n\t\t\t\t\t\t<\/div>\n\t\t\t\t<\/div>\n\t\t\t\t\t<\/div>\n\t\t<\/div>\n\t\t\t\t<div class=\"elementor-column elementor-col-50 elementor-inner-column elementor-element elementor-element-928b85c\" data-id=\"928b85c\" data-element_type=\"column\">\n\t\t\t<div class=\"elementor-widget-wrap elementor-element-populated\">\n\t\t\t\t\t\t<div class=\"elementor-element elementor-element-cae803e elementor-widget elementor-widget-spacer\" data-id=\"cae803e\" data-element_type=\"widget\" data-widget_type=\"spacer.default\">\n\t\t\t\t<div class=\"elementor-widget-container\">\n\t\t\t\t\t\t\t<div class=\"elementor-spacer\">\n\t\t\t<div class=\"elementor-spacer-inner\"><\/div>\n\t\t<\/div>\n\t\t\t\t\t\t<\/div>\n\t\t\t\t<\/div>\n\t\t\t\t<div class=\"elementor-element elementor-element-abdaff6 elementor-widget elementor-widget-image\" data-id=\"abdaff6\" data-element_type=\"widget\" data-widget_type=\"image.default\">\n\t\t\t\t<div class=\"elementor-widget-container\">\n\t\t\t\t\t\t\t\t\t\t\t\t\t\t\t<img decoding=\"async\" width=\"600\" height=\"600\" src=\"https:\/\/latinaintrade.com\/wp-content\/uploads\/2021\/05\/us-01.png\" class=\"attachment-full size-full wp-image-17589\" alt=\"\" srcset=\"https:\/\/latinaintrade.com\/wp-content\/uploads\/2021\/05\/us-01.png 600w, https:\/\/latinaintrade.com\/wp-content\/uploads\/2021\/05\/us-01-480x480.png 480w, https:\/\/latinaintrade.com\/wp-content\/uploads\/2021\/05\/us-01-100x100.png 100w, https:\/\/latinaintrade.com\/wp-content\/uploads\/2021\/05\/us-01-300x300.png 300w, https:\/\/latinaintrade.com\/wp-content\/uploads\/2021\/05\/us-01-150x150.png 150w, https:\/\/latinaintrade.com\/wp-content\/uploads\/2021\/05\/us-01-12x12.png 12w, https:\/\/latinaintrade.com\/wp-content\/uploads\/2021\/05\/us-01-530x530.png 530w, https:\/\/latinaintrade.com\/wp-content\/uploads\/2021\/05\/us-01-140x140.png 140w, https:\/\/latinaintrade.com\/wp-content\/uploads\/2021\/05\/us-01-110x110.png 110w, https:\/\/latinaintrade.com\/wp-content\/uploads\/2021\/05\/us-01-315x315.png 315w\" sizes=\"(max-width: 600px) 100vw, 600px\" \/>\t\t\t\t\t\t\t\t\t\t\t\t\t\t\t<\/div>\n\t\t\t\t<\/div>\n\t\t\t\t<div class=\"elementor-element elementor-element-6513757 elementor-widget elementor-widget-heading\" data-id=\"6513757\" data-element_type=\"widget\" data-widget_type=\"heading.default\">\n\t\t\t\t<div class=\"elementor-widget-container\">\n\t\t\t\t\t<h3 class=\"elementor-heading-title elementor-size-default\">Our <span style=\"color: #11a4b7\">Estrategy<\/span><\/h3>\t\t\t\t<\/div>\n\t\t\t\t<\/div>\n\t\t\t\t<div class=\"elementor-element elementor-element-7ae2223 elementor-widget elementor-widget-text-editor\" data-id=\"7ae2223\" data-element_type=\"widget\" data-widget_type=\"text-editor.default\">\n\t\t\t\t<div class=\"elementor-widget-container\">\n\t\t\t\t\t\t\t\t\t<ul><li>Acquire products at a competitive price, taking advantage of our global reach.<\/li><li>Supplying a complete range of products according to our customers' needs.<\/li><li>Explore and introduce substitute and complementary products in the market to help consumers reduce costs.<\/li><li>Establish a symbiotic relationship with all stakeholders.<\/li><\/ul>\t\t\t\t\t\t\t\t<\/div>\n\t\t\t\t<\/div>\n\t\t\t\t<div class=\"elementor-element elementor-element-491b038 elementor-widget elementor-widget-spacer\" data-id=\"491b038\" data-element_type=\"widget\" data-widget_type=\"spacer.default\">\n\t\t\t\t<div class=\"elementor-widget-container\">\n\t\t\t\t\t\t\t<div class=\"elementor-spacer\">\n\t\t\t<div class=\"elementor-spacer-inner\"><\/div>\n\t\t<\/div>\n\t\t\t\t\t\t<\/div>\n\t\t\t\t<\/div>\n\t\t\t\t\t<\/div>\n\t\t<\/div>\n\t\t\t\t\t<\/div>\n\t\t<\/section>\n\t\t\t\t<div class=\"elementor-element elementor-element-4d965c7 elementor-widget elementor-widget-spacer\" data-id=\"4d965c7\" data-element_type=\"widget\" data-widget_type=\"spacer.default\">\n\t\t\t\t<div class=\"elementor-widget-container\">\n\t\t\t\t\t\t\t<div class=\"elementor-spacer\">\n\t\t\t<div class=\"elementor-spacer-inner\"><\/div>\n\t\t<\/div>\n\t\t\t\t\t\t<\/div>\n\t\t\t\t<\/div>\n\t\t\t\t\t<\/div>\n\t\t<\/div>\n\t\t\t\t\t<\/div>\n\t\t<\/section>\n\t\t\t\t<\/div>","protected":false},"excerpt":{"rendered":"<p>Trade Commodities LatinA International Trade es una empresa l\u00edder Surcoreana, de Representaci\u00f3n Comercial y Agente Mandatario. Operamos en el negocio de la exportaci\u00f3n de productos alimenticios, agro-industriales y Especiales. 01 Frutas Banano Cavendish, pi\u00f1a, aguacate Hass, lim\u00f3n Tahit\u00ed y muchas m\u00e1s. 02 Productos de Mar Anchoveta, camarones, cangrejo y m\u00e1s. 03 Qu\u00edmicos Especiales Etanol, Triameen [&hellip;]<\/p>","protected":false},"author":1,"featured_media":16315,"parent":0,"menu_order":0,"comment_status":"closed","ping_status":"closed","template":"page-templates\/full-width.php","meta":{"footnotes":""},"class_list":["post-16188","page","type-page","status-publish","has-post-thumbnail","hentry"],"_links":{"self":[{"href":"https:\/\/latinaintrade.com\/en\/wp-json\/wp\/v2\/pages\/16188","targetHints":{"allow":["GET"]}}],"collection":[{"href":"https:\/\/latinaintrade.com\/en\/wp-json\/wp\/v2\/pages"}],"about":[{"href":"https:\/\/latinaintrade.com\/en\/wp-json\/wp\/v2\/types\/page"}],"author":[{"embeddable":true,"href":"https:\/\/latinaintrade.com\/en\/wp-json\/wp\/v2\/users\/1"}],"replies":[{"embeddable":true,"href":"https:\/\/latinaintrade.com\/en\/wp-json\/wp\/v2\/comments?post=16188"}],"version-history":[{"count":128,"href":"https:\/\/latinaintrade.com\/en\/wp-json\/wp\/v2\/pages\/16188\/revisions"}],"predecessor-version":[{"id":19104,"href":"https:\/\/latinaintrade.com\/en\/wp-json\/wp\/v2\/pages\/16188\/revisions\/19104"}],"wp:featuredmedia":[{"embeddable":true,"href":"https:\/\/latinaintrade.com\/en\/wp-json\/wp\/v2\/media\/16315"}],"wp:attachment":[{"href":"https:\/\/latinaintrade.com\/en\/wp-json\/wp\/v2\/media?parent=16188"}],"curies":[{"name":"wp","href":"https:\/\/api.w.org\/{rel}","templated":true}]}}